{"id":23,"date":"2024-03-19T08:46:31","date_gmt":"2024-03-19T07:46:31","guid":{"rendered":"https:\/\/bahnservicebaron.de\/?page_id=23"},"modified":"2026-03-17T11:41:56","modified_gmt":"2026-03-17T09:41:56","slug":"werte","status":"publish","type":"page","link":"https:\/\/bahnservicebaron.de\/?page_id=23","title":{"rendered":"Werte"},"content":{"rendered":"\t\t<div data-elementor-type=\"wp-page\" data-elementor-id=\"23\" class=\"elementor elementor-23\">\n\t\t\t\t<div class=\"elementor-element elementor-element-68ff491 e-flex e-con-boxed wpr-particle-no wpr-jarallax-no wpr-parallax-no wpr-sticky-section-no wpr-equal-height-no e-con e-parent\" data-id=\"68ff491\" data-element_type=\"container\" data-settings=\"{&quot;background_background&quot;:&quot;gradient&quot;}\">\n\t\t\t\t\t<div class=\"e-con-inner\">\n\t\t\t\t<div class=\"elementor-element elementor-element-f429958 elementor-widget elementor-widget-heading\" data-id=\"f429958\" data-element_type=\"widget\" data-widget_type=\"heading.default\">\n\t\t\t\t<div class=\"elementor-widget-container\">\n\t\t\t<style>\/*! elementor - v3.22.0 - 26-06-2024 *\/\n.elementor-heading-title{padding:0;margin:0;line-height:1}.elementor-widget-heading .elementor-heading-title[class*=elementor-size-]>a{color:inherit;font-size:inherit;line-height:inherit}.elementor-widget-heading .elementor-heading-title.elementor-size-small{font-size:15px}.elementor-widget-heading .elementor-heading-title.elementor-size-medium{font-size:19px}.elementor-widget-heading .elementor-heading-title.elementor-size-large{font-size:29px}.elementor-widget-heading .elementor-heading-title.elementor-size-xl{font-size:39px}.elementor-widget-heading .elementor-heading-title.elementor-size-xxl{font-size:59px}<\/style><h2 class=\"elementor-heading-title elementor-size-default\">Unsere Werte<\/h2>\t\t<\/div>\n\t\t\t\t<\/div>\n\t\t\t\t\t<\/div>\n\t\t\t\t<\/div>\n\t\t<div class=\"elementor-element elementor-element-9bc1ed2 e-flex e-con-boxed wpr-particle-no wpr-jarallax-no wpr-parallax-no wpr-sticky-section-no wpr-equal-height-no e-con e-parent\" data-id=\"9bc1ed2\" data-element_type=\"container\">\n\t\t\t\t\t<div class=\"e-con-inner\">\n\t\t\t\t<div class=\"elementor-element elementor-element-7150059 elementor-widget elementor-widget-spacer\" data-id=\"7150059\" data-element_type=\"widget\" data-widget_type=\"spacer.default\">\n\t\t\t\t<div class=\"elementor-widget-container\">\n\t\t\t<style>\/*! elementor - v3.22.0 - 26-06-2024 *\/\n.elementor-column .elementor-spacer-inner{height:var(--spacer-size)}.e-con{--container-widget-width:100%}.e-con-inner>.elementor-widget-spacer,.e-con>.elementor-widget-spacer{width:var(--container-widget-width,var(--spacer-size));--align-self:var(--container-widget-align-self,initial);--flex-shrink:0}.e-con-inner>.elementor-widget-spacer>.elementor-widget-container,.e-con>.elementor-widget-spacer>.elementor-widget-container{height:100%;width:100%}.e-con-inner>.elementor-widget-spacer>.elementor-widget-container>.elementor-spacer,.e-con>.elementor-widget-spacer>.elementor-widget-container>.elementor-spacer{height:100%}.e-con-inner>.elementor-widget-spacer>.elementor-widget-container>.elementor-spacer>.elementor-spacer-inner,.e-con>.elementor-widget-spacer>.elementor-widget-container>.elementor-spacer>.elementor-spacer-inner{height:var(--container-widget-height,var(--spacer-size))}.e-con-inner>.elementor-widget-spacer.elementor-widget-empty,.e-con>.elementor-widget-spacer.elementor-widget-empty{position:relative;min-height:22px;min-width:22px}.e-con-inner>.elementor-widget-spacer.elementor-widget-empty .elementor-widget-empty-icon,.e-con>.elementor-widget-spacer.elementor-widget-empty .elementor-widget-empty-icon{position:absolute;top:0;bottom:0;left:0;right:0;margin:auto;padding:0;width:22px;height:22px}<\/style>\t\t<div class=\"elementor-spacer\">\n\t\t\t<div class=\"elementor-spacer-inner\"><\/div>\n\t\t<\/div>\n\t\t\t\t<\/div>\n\t\t\t\t<\/div>\n\t\t\t\t\t<\/div>\n\t\t\t\t<\/div>\n\t\t<div class=\"elementor-element elementor-element-9800c70 animated-slow e-flex e-con-boxed wpr-particle-no wpr-jarallax-no wpr-parallax-no wpr-equal-height-no elementor-invisible e-con e-parent\" data-id=\"9800c70\" data-element_type=\"container\" data-settings=\"{&quot;animation&quot;:&quot;fadeIn&quot;}\">\n\t\t\t\t\t<div class=\"e-con-inner\">\n\t\t\t\t<div class=\"elementor-element elementor-element-fca680d elementor-widget elementor-widget-text-editor\" data-id=\"fca680d\" data-element_type=\"widget\" data-widget_type=\"text-editor.default\">\n\t\t\t\t<div class=\"elementor-widget-container\">\n\t\t\t<style>\/*! elementor - v3.22.0 - 26-06-2024 *\/\n.elementor-widget-text-editor.elementor-drop-cap-view-stacked .elementor-drop-cap{background-color:#69727d;color:#fff}.elementor-widget-text-editor.elementor-drop-cap-view-framed .elementor-drop-cap{color:#69727d;border:3px solid;background-color:transparent}.elementor-widget-text-editor:not(.elementor-drop-cap-view-default) .elementor-drop-cap{margin-top:8px}.elementor-widget-text-editor:not(.elementor-drop-cap-view-default) .elementor-drop-cap-letter{width:1em;height:1em}.elementor-widget-text-editor .elementor-drop-cap{float:left;text-align:center;line-height:1;font-size:50px}.elementor-widget-text-editor .elementor-drop-cap-letter{display:inline-block}<\/style>\t\t\t\t<p><strong>Bei uns sind Werte nicht nur leere Worte &#8211; sie sind das Geheimrezept unseres Handelns.<\/strong><\/p>\t\t\t\t\t\t<\/div>\n\t\t\t\t<\/div>\n\t\t\t\t\t<\/div>\n\t\t\t\t<\/div>\n\t\t<div class=\"elementor-element elementor-element-2a859b6 e-flex e-con-boxed wpr-particle-no wpr-jarallax-no wpr-parallax-no wpr-sticky-section-no wpr-equal-height-no e-con e-parent\" data-id=\"2a859b6\" data-element_type=\"container\">\n\t\t\t\t\t<div class=\"e-con-inner\">\n\t\t\t\t<div class=\"elementor-element elementor-element-2ce43a4 elementor-widget elementor-widget-text-editor\" data-id=\"2ce43a4\" data-element_type=\"widget\" data-widget_type=\"text-editor.default\">\n\t\t\t\t<div class=\"elementor-widget-container\">\n\t\t\t\t\t\t\t<p class=\"cvGsUA direction-ltr align-center para-style-body\"><span class=\"OYPEnA font-feature-liga-off font-feature-clig-off font-feature-calt-off text-decoration-none text-strikethrough-none\">Die Bahnservice Baron GmbH steht f\u00fcr Qualit\u00e4t, Sicherheit und Zuverl\u00e4ssigkeit. Uns ist es wichtig, jedes Projekt mit Innovationsfreude und Engagement zu begleiten und unsere Dienstleistungen auf Augenh\u00f6he zu gestalten. Pers\u00f6nliche Beratung, individuelle L\u00f6sungen und eine partnerschaftliche Zusammenarbeit sind Werte, die wir tagt\u00e4glich leben und an unsere Kunden weitergeben.<\/span><\/p><p class=\"cvGsUA direction-ltr align-center para-style-body\"><span class=\"OYPEnA font-feature-liga-off font-feature-clig-off font-feature-calt-off text-decoration-none text-strikethrough-none\">Unsere Teammitglieder hauchen diesen Werten auf ihre ganz eigene Art Leben ein\u00a0<\/span><span class=\"OYPEnA font-feature-liga-off font-feature-clig-off font-feature-calt-off text-decoration-none text-strikethrough-none\">und verleihen unserem Tun eine besondere Note.<\/span><\/p>\t\t\t\t\t\t<\/div>\n\t\t\t\t<\/div>\n\t\t\t\t\t<\/div>\n\t\t\t\t<\/div>\n\t\t<div class=\"elementor-element elementor-element-97358e0 e-flex e-con-boxed wpr-particle-no wpr-jarallax-no wpr-parallax-no wpr-sticky-section-no wpr-equal-height-no e-con e-parent\" data-id=\"97358e0\" data-element_type=\"container\">\n\t\t\t\t\t<div class=\"e-con-inner\">\n\t\t\t\t<div class=\"elementor-element elementor-element-9281f3f elementor-widget elementor-widget-spacer\" data-id=\"9281f3f\" data-element_type=\"widget\" data-widget_type=\"spacer.default\">\n\t\t\t\t<div class=\"elementor-widget-container\">\n\t\t\t\t\t<div class=\"elementor-spacer\">\n\t\t\t<div class=\"elementor-spacer-inner\"><\/div>\n\t\t<\/div>\n\t\t\t\t<\/div>\n\t\t\t\t<\/div>\n\t\t\t\t\t<\/div>\n\t\t\t\t<\/div>\n\t\t<div class=\"elementor-element elementor-element-cabfc9a e-grid animated-slow e-con-boxed wpr-particle-no wpr-jarallax-no wpr-parallax-no wpr-sticky-section-no wpr-equal-height-no elementor-invisible e-con e-parent\" data-id=\"cabfc9a\" data-element_type=\"container\" data-settings=\"{&quot;animation&quot;:&quot;slideInUp&quot;,&quot;animation_delay&quot;:750}\">\n\t\t\t\t\t<div class=\"e-con-inner\">\n\t\t\t\t<div class=\"elementor-element elementor-element-68384fd elementor-widget elementor-widget-image\" data-id=\"68384fd\" data-element_type=\"widget\" data-widget_type=\"image.default\">\n\t\t\t\t<div class=\"elementor-widget-container\">\n\t\t\t<style>\/*! elementor - v3.22.0 - 26-06-2024 *\/\n.elementor-widget-image{text-align:center}.elementor-widget-image a{display:inline-block}.elementor-widget-image a img[src$=\".svg\"]{width:48px}.elementor-widget-image img{vertical-align:middle;display:inline-block}<\/style>\t\t\t\t\t\t\t\t\t\t<img fetchpriority=\"high\" decoding=\"async\" width=\"800\" height=\"320\" src=\"https:\/\/bahnservicebaron.de\/wp-content\/uploads\/Mitarbeiter-Werte-4.png\" class=\"attachment-large size-large wp-image-4635\" alt=\"\" srcset=\"https:\/\/bahnservicebaron.de\/wp-content\/uploads\/Mitarbeiter-Werte-4.png 1000w, https:\/\/bahnservicebaron.de\/wp-content\/uploads\/Mitarbeiter-Werte-4-300x120.png 300w, https:\/\/bahnservicebaron.de\/wp-content\/uploads\/Mitarbeiter-Werte-4-768x307.png 768w\" sizes=\"(max-width: 800px) 100vw, 800px\" \/>\t\t\t\t\t\t\t\t\t\t\t\t\t<\/div>\n\t\t\t\t<\/div>\n\t\t\t\t<div class=\"elementor-element elementor-element-0543e78 elementor-widget elementor-widget-image\" data-id=\"0543e78\" data-element_type=\"widget\" data-widget_type=\"image.default\">\n\t\t\t\t<div class=\"elementor-widget-container\">\n\t\t\t\t\t\t\t\t\t\t\t\t\t<img decoding=\"async\" width=\"800\" height=\"320\" src=\"https:\/\/bahnservicebaron.de\/wp-content\/uploads\/Mitarbeiter-Werte-8-1.png\" class=\"attachment-large size-large wp-image-6854\" alt=\"\" srcset=\"https:\/\/bahnservicebaron.de\/wp-content\/uploads\/Mitarbeiter-Werte-8-1.png 1000w, https:\/\/bahnservicebaron.de\/wp-content\/uploads\/Mitarbeiter-Werte-8-1-300x120.png 300w, https:\/\/bahnservicebaron.de\/wp-content\/uploads\/Mitarbeiter-Werte-8-1-768x307.png 768w\" sizes=\"(max-width: 800px) 100vw, 800px\" \/>\t\t\t\t\t\t\t\t\t\t\t\t\t<\/div>\n\t\t\t\t<\/div>\n\t\t\t\t\t<\/div>\n\t\t\t\t<\/div>\n\t\t<div class=\"elementor-element elementor-element-56a15c5 e-grid animated-slow e-con-boxed wpr-particle-no wpr-jarallax-no wpr-parallax-no wpr-sticky-section-no wpr-equal-height-no elementor-invisible e-con e-parent\" data-id=\"56a15c5\" data-element_type=\"container\" data-settings=\"{&quot;animation&quot;:&quot;slideInUp&quot;,&quot;animation_delay&quot;:750}\">\n\t\t\t\t\t<div class=\"e-con-inner\">\n\t\t\t\t<div class=\"elementor-element elementor-element-a0d901e elementor-widget elementor-widget-image\" data-id=\"a0d901e\" data-element_type=\"widget\" data-widget_type=\"image.default\">\n\t\t\t\t<div class=\"elementor-widget-container\">\n\t\t\t\t\t\t\t\t\t\t\t\t\t<img decoding=\"async\" width=\"800\" height=\"320\" src=\"https:\/\/bahnservicebaron.de\/wp-content\/uploads\/16-2.png\" class=\"attachment-large size-large wp-image-4484\" alt=\"\" srcset=\"https:\/\/bahnservicebaron.de\/wp-content\/uploads\/16-2.png 1000w, https:\/\/bahnservicebaron.de\/wp-content\/uploads\/16-2-300x120.png 300w, https:\/\/bahnservicebaron.de\/wp-content\/uploads\/16-2-768x307.png 768w\" sizes=\"(max-width: 800px) 100vw, 800px\" \/>\t\t\t\t\t\t\t\t\t\t\t\t\t<\/div>\n\t\t\t\t<\/div>\n\t\t\t\t<div class=\"elementor-element elementor-element-7a5b03f elementor-widget elementor-widget-image\" data-id=\"7a5b03f\" data-element_type=\"widget\" data-widget_type=\"image.default\">\n\t\t\t\t<div class=\"elementor-widget-container\">\n\t\t\t\t\t\t\t\t\t\t\t\t\t<img loading=\"lazy\" decoding=\"async\" width=\"800\" height=\"320\" src=\"https:\/\/bahnservicebaron.de\/wp-content\/uploads\/Mitarbeiter-Werte-9.png\" class=\"attachment-large size-large wp-image-6827\" alt=\"\" srcset=\"https:\/\/bahnservicebaron.de\/wp-content\/uploads\/Mitarbeiter-Werte-9.png 1000w, https:\/\/bahnservicebaron.de\/wp-content\/uploads\/Mitarbeiter-Werte-9-300x120.png 300w, https:\/\/bahnservicebaron.de\/wp-content\/uploads\/Mitarbeiter-Werte-9-768x307.png 768w\" sizes=\"(max-width: 800px) 100vw, 800px\" \/>\t\t\t\t\t\t\t\t\t\t\t\t\t<\/div>\n\t\t\t\t<\/div>\n\t\t\t\t\t<\/div>\n\t\t\t\t<\/div>\n\t\t<div class=\"elementor-element elementor-element-56a0e53 e-grid animated-slow e-con-boxed wpr-particle-no wpr-jarallax-no wpr-parallax-no wpr-sticky-section-no wpr-equal-height-no elementor-invisible e-con e-parent\" data-id=\"56a0e53\" data-element_type=\"container\" data-settings=\"{&quot;animation&quot;:&quot;slideInUp&quot;}\">\n\t\t\t\t\t<div class=\"e-con-inner\">\n\t\t\t\t<div class=\"elementor-element elementor-element-e4b0bf1 elementor-widget elementor-widget-image\" data-id=\"e4b0bf1\" data-element_type=\"widget\" data-widget_type=\"image.default\">\n\t\t\t\t<div class=\"elementor-widget-container\">\n\t\t\t\t\t\t\t\t\t\t\t\t\t<img loading=\"lazy\" decoding=\"async\" width=\"800\" height=\"320\" src=\"https:\/\/bahnservicebaron.de\/wp-content\/uploads\/9-2.png\" class=\"attachment-large size-large wp-image-3175\" alt=\"\" srcset=\"https:\/\/bahnservicebaron.de\/wp-content\/uploads\/9-2.png 1000w, https:\/\/bahnservicebaron.de\/wp-content\/uploads\/9-2-300x120.png 300w, https:\/\/bahnservicebaron.de\/wp-content\/uploads\/9-2-768x307.png 768w\" sizes=\"(max-width: 800px) 100vw, 800px\" \/>\t\t\t\t\t\t\t\t\t\t\t\t\t<\/div>\n\t\t\t\t<\/div>\n\t\t\t\t<div class=\"elementor-element elementor-element-38e8f03 elementor-widget elementor-widget-image\" data-id=\"38e8f03\" data-element_type=\"widget\" data-widget_type=\"image.default\">\n\t\t\t\t<div class=\"elementor-widget-container\">\n\t\t\t\t\t\t\t\t\t\t\t\t\t<img loading=\"lazy\" decoding=\"async\" width=\"800\" height=\"320\" src=\"https:\/\/bahnservicebaron.de\/wp-content\/uploads\/3-1.png\" class=\"attachment-large size-large wp-image-3169\" alt=\"\" srcset=\"https:\/\/bahnservicebaron.de\/wp-content\/uploads\/3-1.png 1000w, https:\/\/bahnservicebaron.de\/wp-content\/uploads\/3-1-300x120.png 300w, https:\/\/bahnservicebaron.de\/wp-content\/uploads\/3-1-768x307.png 768w\" sizes=\"(max-width: 800px) 100vw, 800px\" \/>\t\t\t\t\t\t\t\t\t\t\t\t\t<\/div>\n\t\t\t\t<\/div>\n\t\t\t\t\t<\/div>\n\t\t\t\t<\/div>\n\t\t<div class=\"elementor-element elementor-element-b24286d e-grid animated-slow e-con-boxed wpr-particle-no wpr-jarallax-no wpr-parallax-no wpr-sticky-section-no wpr-equal-height-no elementor-invisible e-con e-parent\" data-id=\"b24286d\" data-element_type=\"container\" data-settings=\"{&quot;animation&quot;:&quot;slideInUp&quot;}\">\n\t\t\t\t\t<div class=\"e-con-inner\">\n\t\t\t\t<div class=\"elementor-element elementor-element-520422f elementor-widget elementor-widget-image\" data-id=\"520422f\" data-element_type=\"widget\" data-widget_type=\"image.default\">\n\t\t\t\t<div class=\"elementor-widget-container\">\n\t\t\t\t\t\t\t\t\t\t\t\t\t<img loading=\"lazy\" decoding=\"async\" width=\"800\" height=\"320\" src=\"https:\/\/bahnservicebaron.de\/wp-content\/uploads\/18.png\" class=\"attachment-large size-large wp-image-4485\" alt=\"\" srcset=\"https:\/\/bahnservicebaron.de\/wp-content\/uploads\/18.png 1000w, https:\/\/bahnservicebaron.de\/wp-content\/uploads\/18-300x120.png 300w, https:\/\/bahnservicebaron.de\/wp-content\/uploads\/18-768x307.png 768w\" sizes=\"(max-width: 800px) 100vw, 800px\" \/>\t\t\t\t\t\t\t\t\t\t\t\t\t<\/div>\n\t\t\t\t<\/div>\n\t\t\t\t<div class=\"elementor-element elementor-element-ee91277 elementor-widget elementor-widget-image\" data-id=\"ee91277\" data-element_type=\"widget\" data-widget_type=\"image.default\">\n\t\t\t\t<div class=\"elementor-widget-container\">\n\t\t\t\t\t\t\t\t\t\t\t\t\t<img loading=\"lazy\" decoding=\"async\" width=\"800\" height=\"320\" src=\"https:\/\/bahnservicebaron.de\/wp-content\/uploads\/2-1.png\" class=\"attachment-large size-large wp-image-3168\" alt=\"\" srcset=\"https:\/\/bahnservicebaron.de\/wp-content\/uploads\/2-1.png 1000w, https:\/\/bahnservicebaron.de\/wp-content\/uploads\/2-1-300x120.png 300w, https:\/\/bahnservicebaron.de\/wp-content\/uploads\/2-1-768x307.png 768w\" sizes=\"(max-width: 800px) 100vw, 800px\" \/>\t\t\t\t\t\t\t\t\t\t\t\t\t<\/div>\n\t\t\t\t<\/div>\n\t\t\t\t\t<\/div>\n\t\t\t\t<\/div>\n\t\t<div class=\"elementor-element elementor-element-13fb63e e-grid animated-slow e-con-boxed wpr-particle-no wpr-jarallax-no wpr-parallax-no wpr-sticky-section-no wpr-equal-height-no elementor-invisible e-con e-parent\" data-id=\"13fb63e\" data-element_type=\"container\" data-settings=\"{&quot;animation&quot;:&quot;slideInUp&quot;}\">\n\t\t\t\t\t<div class=\"e-con-inner\">\n\t\t\t\t<div class=\"elementor-element elementor-element-deb34bd elementor-widget elementor-widget-image\" data-id=\"deb34bd\" data-element_type=\"widget\" data-widget_type=\"image.default\">\n\t\t\t\t<div class=\"elementor-widget-container\">\n\t\t\t\t\t\t\t\t\t\t\t\t\t<img loading=\"lazy\" decoding=\"async\" width=\"800\" height=\"320\" src=\"https:\/\/bahnservicebaron.de\/wp-content\/uploads\/10.png\" class=\"attachment-large size-large wp-image-3176\" alt=\"\" srcset=\"https:\/\/bahnservicebaron.de\/wp-content\/uploads\/10.png 1000w, https:\/\/bahnservicebaron.de\/wp-content\/uploads\/10-300x120.png 300w, https:\/\/bahnservicebaron.de\/wp-content\/uploads\/10-768x307.png 768w\" sizes=\"(max-width: 800px) 100vw, 800px\" \/>\t\t\t\t\t\t\t\t\t\t\t\t\t<\/div>\n\t\t\t\t<\/div>\n\t\t\t\t<div class=\"elementor-element elementor-element-71e7e8d elementor-widget elementor-widget-image\" data-id=\"71e7e8d\" data-element_type=\"widget\" data-widget_type=\"image.default\">\n\t\t\t\t<div class=\"elementor-widget-container\">\n\t\t\t\t\t\t\t\t\t\t\t\t\t<img loading=\"lazy\" decoding=\"async\" width=\"800\" height=\"320\" src=\"https:\/\/bahnservicebaron.de\/wp-content\/uploads\/Mitarbeiter-Werte-8.png\" class=\"attachment-large size-large wp-image-6828\" alt=\"\" srcset=\"https:\/\/bahnservicebaron.de\/wp-content\/uploads\/Mitarbeiter-Werte-8.png 1000w, https:\/\/bahnservicebaron.de\/wp-content\/uploads\/Mitarbeiter-Werte-8-300x120.png 300w, https:\/\/bahnservicebaron.de\/wp-content\/uploads\/Mitarbeiter-Werte-8-768x307.png 768w\" sizes=\"(max-width: 800px) 100vw, 800px\" \/>\t\t\t\t\t\t\t\t\t\t\t\t\t<\/div>\n\t\t\t\t<\/div>\n\t\t\t\t\t<\/div>\n\t\t\t\t<\/div>\n\t\t<div class=\"elementor-element elementor-element-cec025d e-grid animated-slow e-con-boxed wpr-particle-no wpr-jarallax-no wpr-parallax-no wpr-sticky-section-no wpr-equal-height-no elementor-invisible e-con e-parent\" data-id=\"cec025d\" data-element_type=\"container\" data-settings=\"{&quot;animation&quot;:&quot;slideInUp&quot;}\">\n\t\t\t\t\t<div class=\"e-con-inner\">\n\t\t\t\t<div class=\"elementor-element elementor-element-2370acd elementor-widget elementor-widget-image\" data-id=\"2370acd\" data-element_type=\"widget\" data-widget_type=\"image.default\">\n\t\t\t\t<div class=\"elementor-widget-container\">\n\t\t\t\t\t\t\t\t\t\t\t\t\t<img loading=\"lazy\" decoding=\"async\" width=\"800\" height=\"320\" src=\"https:\/\/bahnservicebaron.de\/wp-content\/uploads\/Mitarbeiter-Werte-1.png\" class=\"attachment-large size-large wp-image-4150\" alt=\"\" srcset=\"https:\/\/bahnservicebaron.de\/wp-content\/uploads\/Mitarbeiter-Werte-1.png 1000w, https:\/\/bahnservicebaron.de\/wp-content\/uploads\/Mitarbeiter-Werte-1-300x120.png 300w, https:\/\/bahnservicebaron.de\/wp-content\/uploads\/Mitarbeiter-Werte-1-768x307.png 768w\" sizes=\"(max-width: 800px) 100vw, 800px\" \/>\t\t\t\t\t\t\t\t\t\t\t\t\t<\/div>\n\t\t\t\t<\/div>\n\t\t\t\t<div class=\"elementor-element elementor-element-216dbef elementor-widget elementor-widget-image\" data-id=\"216dbef\" data-element_type=\"widget\" data-widget_type=\"image.default\">\n\t\t\t\t<div class=\"elementor-widget-container\">\n\t\t\t\t\t\t\t\t\t\t\t\t\t<img loading=\"lazy\" decoding=\"async\" width=\"800\" height=\"320\" src=\"https:\/\/bahnservicebaron.de\/wp-content\/uploads\/Mitarbeiter-Werte-6.png\" class=\"attachment-large size-large wp-image-5725\" alt=\"\" srcset=\"https:\/\/bahnservicebaron.de\/wp-content\/uploads\/Mitarbeiter-Werte-6.png 1000w, https:\/\/bahnservicebaron.de\/wp-content\/uploads\/Mitarbeiter-Werte-6-300x120.png 300w, https:\/\/bahnservicebaron.de\/wp-content\/uploads\/Mitarbeiter-Werte-6-768x307.png 768w\" sizes=\"(max-width: 800px) 100vw, 800px\" \/>\t\t\t\t\t\t\t\t\t\t\t\t\t<\/div>\n\t\t\t\t<\/div>\n\t\t\t\t\t<\/div>\n\t\t\t\t<\/div>\n\t\t<div class=\"elementor-element elementor-element-5687057 e-grid animated-slow e-con-boxed wpr-particle-no wpr-jarallax-no wpr-parallax-no wpr-sticky-section-no wpr-equal-height-no elementor-invisible e-con e-parent\" data-id=\"5687057\" data-element_type=\"container\" data-settings=\"{&quot;animation&quot;:&quot;slideInUp&quot;}\">\n\t\t\t\t\t<div class=\"e-con-inner\">\n\t\t\t\t<div class=\"elementor-element elementor-element-4f0df72 elementor-widget elementor-widget-image\" data-id=\"4f0df72\" data-element_type=\"widget\" data-widget_type=\"image.default\">\n\t\t\t\t<div class=\"elementor-widget-container\">\n\t\t\t\t\t\t\t\t\t\t\t\t\t<img loading=\"lazy\" decoding=\"async\" width=\"800\" height=\"320\" src=\"https:\/\/bahnservicebaron.de\/wp-content\/uploads\/7-2.png\" class=\"attachment-large size-large wp-image-3173\" alt=\"\" srcset=\"https:\/\/bahnservicebaron.de\/wp-content\/uploads\/7-2.png 1000w, https:\/\/bahnservicebaron.de\/wp-content\/uploads\/7-2-300x120.png 300w, https:\/\/bahnservicebaron.de\/wp-content\/uploads\/7-2-768x307.png 768w\" sizes=\"(max-width: 800px) 100vw, 800px\" \/>\t\t\t\t\t\t\t\t\t\t\t\t\t<\/div>\n\t\t\t\t<\/div>\n\t\t\t\t<div class=\"elementor-element elementor-element-eaac856 elementor-widget elementor-widget-image\" data-id=\"eaac856\" data-element_type=\"widget\" data-widget_type=\"image.default\">\n\t\t\t\t<div class=\"elementor-widget-container\">\n\t\t\t\t\t\t\t\t\t\t\t\t\t<img loading=\"lazy\" decoding=\"async\" width=\"800\" height=\"320\" src=\"https:\/\/bahnservicebaron.de\/wp-content\/uploads\/Mitarbeiter-Werte-5.png\" class=\"attachment-large size-large wp-image-6258\" alt=\"\" srcset=\"https:\/\/bahnservicebaron.de\/wp-content\/uploads\/Mitarbeiter-Werte-5.png 1000w, https:\/\/bahnservicebaron.de\/wp-content\/uploads\/Mitarbeiter-Werte-5-300x120.png 300w, https:\/\/bahnservicebaron.de\/wp-content\/uploads\/Mitarbeiter-Werte-5-768x307.png 768w\" sizes=\"(max-width: 800px) 100vw, 800px\" \/>\t\t\t\t\t\t\t\t\t\t\t\t\t<\/div>\n\t\t\t\t<\/div>\n\t\t\t\t\t<\/div>\n\t\t\t\t<\/div>\n\t\t<div class=\"elementor-element elementor-element-ff13d54 e-grid animated-slow e-con-boxed wpr-particle-no wpr-jarallax-no wpr-parallax-no wpr-sticky-section-no wpr-equal-height-no elementor-invisible e-con e-parent\" data-id=\"ff13d54\" data-element_type=\"container\" data-settings=\"{&quot;animation&quot;:&quot;slideInUp&quot;}\">\n\t\t\t\t\t<div class=\"e-con-inner\">\n\t\t\t\t<div class=\"elementor-element elementor-element-958b2a2 elementor-widget elementor-widget-image\" data-id=\"958b2a2\" data-element_type=\"widget\" data-widget_type=\"image.default\">\n\t\t\t\t<div class=\"elementor-widget-container\">\n\t\t\t\t\t\t\t\t\t\t\t\t\t<img loading=\"lazy\" decoding=\"async\" width=\"800\" height=\"320\" src=\"https:\/\/bahnservicebaron.de\/wp-content\/uploads\/8-2.png\" class=\"attachment-large size-large wp-image-3174\" alt=\"\" srcset=\"https:\/\/bahnservicebaron.de\/wp-content\/uploads\/8-2.png 1000w, https:\/\/bahnservicebaron.de\/wp-content\/uploads\/8-2-300x120.png 300w, https:\/\/bahnservicebaron.de\/wp-content\/uploads\/8-2-768x307.png 768w\" sizes=\"(max-width: 800px) 100vw, 800px\" \/>\t\t\t\t\t\t\t\t\t\t\t\t\t<\/div>\n\t\t\t\t<\/div>\n\t\t\t\t<div class=\"elementor-element elementor-element-81a8e97 elementor-widget elementor-widget-image\" data-id=\"81a8e97\" data-element_type=\"widget\" data-widget_type=\"image.default\">\n\t\t\t\t<div class=\"elementor-widget-container\">\n\t\t\t\t\t\t\t\t\t\t\t\t\t<img loading=\"lazy\" decoding=\"async\" width=\"800\" height=\"320\" src=\"https:\/\/bahnservicebaron.de\/wp-content\/uploads\/1-1.png\" class=\"attachment-large size-large wp-image-3167\" alt=\"\" srcset=\"https:\/\/bahnservicebaron.de\/wp-content\/uploads\/1-1.png 1000w, https:\/\/bahnservicebaron.de\/wp-content\/uploads\/1-1-300x120.png 300w, https:\/\/bahnservicebaron.de\/wp-content\/uploads\/1-1-768x307.png 768w\" sizes=\"(max-width: 800px) 100vw, 800px\" \/>\t\t\t\t\t\t\t\t\t\t\t\t\t<\/div>\n\t\t\t\t<\/div>\n\t\t\t\t\t<\/div>\n\t\t\t\t<\/div>\n\t\t<div class=\"elementor-element elementor-element-7224c0f e-flex e-con-boxed wpr-particle-no wpr-jarallax-no wpr-parallax-no wpr-sticky-section-no wpr-equal-height-no e-con e-parent\" data-id=\"7224c0f\" data-element_type=\"container\">\n\t\t\t\t\t<div class=\"e-con-inner\">\n\t\t\t\t<div class=\"elementor-element elementor-element-6da116c elementor-widget elementor-widget-spacer\" data-id=\"6da116c\" data-element_type=\"widget\" data-widget_type=\"spacer.default\">\n\t\t\t\t<div class=\"elementor-widget-container\">\n\t\t\t\t\t<div class=\"elementor-spacer\">\n\t\t\t<div class=\"elementor-spacer-inner\"><\/div>\n\t\t<\/div>\n\t\t\t\t<\/div>\n\t\t\t\t<\/div>\n\t\t\t\t\t<\/div>\n\t\t\t\t<\/div>\n\t\t\t\t<\/div>\n\t\t","protected":false},"excerpt":{"rendered":"<p>Unsere Werte Bei uns sind Werte nicht nur leere Worte &#8211; sie sind das Geheimrezept unseres Handelns. Die Bahnservice Baron GmbH steht f\u00fcr Qualit\u00e4t, Sicherheit und Zuverl\u00e4ssigkeit. Uns ist es wichtig, jedes Projekt mit Innovationsfreude und Engagement zu begleiten und unsere Dienstleistungen auf Augenh\u00f6he zu gestalten. Pers\u00f6nliche Beratung, individuelle L\u00f6sungen und eine partnerschaftliche Zusammenarbeit sind Werte, die wir tagt\u00e4glich leben und an unsere Kunden weitergeben. Unsere Teammitglieder hauchen diesen Werten auf ihre ganz eigene Art Leben ein\u00a0und verleihen unserem Tun eine besondere Note.<\/p>\n","protected":false},"author":2,"featured_media":0,"parent":0,"menu_order":0,"comment_status":"closed","ping_status":"closed","template":"","meta":{"footnotes":""},"class_list":["post-23","page","type-page","status-publish","hentry"],"_links":{"self":[{"href":"https:\/\/bahnservicebaron.de\/index.php?rest_route=\/wp\/v2\/pages\/23","targetHints":{"allow":["GET"]}}],"collection":[{"href":"https:\/\/bahnservicebaron.de\/index.php?rest_route=\/wp\/v2\/pages"}],"about":[{"href":"https:\/\/bahnservicebaron.de\/index.php?rest_route=\/wp\/v2\/types\/page"}],"author":[{"embeddable":true,"href":"https:\/\/bahnservicebaron.de\/index.php?rest_route=\/wp\/v2\/users\/2"}],"replies":[{"embeddable":true,"href":"https:\/\/bahnservicebaron.de\/index.php?rest_route=%2Fwp%2Fv2%2Fcomments&post=23"}],"version-history":[{"count":229,"href":"https:\/\/bahnservicebaron.de\/index.php?rest_route=\/wp\/v2\/pages\/23\/revisions"}],"predecessor-version":[{"id":6857,"href":"https:\/\/bahnservicebaron.de\/index.php?rest_route=\/wp\/v2\/pages\/23\/revisions\/6857"}],"wp:attachment":[{"href":"https:\/\/bahnservicebaron.de\/index.php?rest_route=%2Fwp%2Fv2%2Fmedia&parent=23"}],"curies":[{"name":"wp","href":"https:\/\/api.w.org\/{rel}","templated":true}]}}